{"id":6694,"date":"2024-04-19T14:56:39","date_gmt":"2024-04-19T19:56:39","guid":{"rendered":"http:\/\/protechingenieria.com\/?page_id=6694"},"modified":"2024-05-27T10:05:25","modified_gmt":"2024-05-27T15:05:25","slug":"landing-digital","status":"publish","type":"page","link":"https:\/\/protechingenieria.com\/en\/landing-digital\/","title":{"rendered":"Landing Migraci\u00f3n Digital"},"content":{"rendered":"<div data-elementor-type=\"wp-page\" data-elementor-id=\"6694\" class=\"elementor elementor-6694\" data-elementor-settings=\"{&quot;ha_cmc_init_switcher&quot;:&quot;no&quot;}\" data-elementor-post-type=\"page\">\n\t\t\t\t<div class=\"elementor-element elementor-element-dee057c e-con-full e-flex wpr-particle-no wpr-jarallax-no wpr-parallax-no wpr-sticky-section-no wpr-column-slider-no wpr-equal-height-no e-con e-parent\" data-id=\"dee057c\" data-element_type=\"container\" data-e-type=\"container\" data-settings=\"{&quot;background_background&quot;:&quot;classic&quot;,&quot;_ha_eqh_enable&quot;:false}\">\n\t\t<div class=\"elementor-element elementor-element-0970b64 e-con-full e-flex wpr-particle-no wpr-jarallax-no wpr-parallax-no wpr-sticky-section-no wpr-column-slider-no wpr-equal-height-no e-con e-child\" data-id=\"0970b64\" data-element_type=\"container\" data-e-type=\"container\" data-settings=\"{&quot;_ha_eqh_enable&quot;:false}\">\n\t\t\t\t<div class=\"elementor-element elementor-element-d33af42 elementor-widget elementor-widget-heading\" data-id=\"d33af42\" data-element_type=\"widget\" data-e-type=\"widget\" data-widget_type=\"heading.default\">\n\t\t\t\t<div class=\"elementor-widget-container\">\n\t\t\t\t\t<h2 class=\"elementor-heading-title elementor-size-default\">La transformaci\u00f3n digital de la gesti\u00f3n documental permite a las organizaciones modernizar sus procesos, mejorar la eficiencia y cumplir con los requisitos normativos.<\/h2>\t\t\t\t<\/div>\n\t\t\t\t<\/div>\n\t\t\t\t<div class=\"elementor-element elementor-element-30e89c1 elementor-widget elementor-widget-text-editor\" data-id=\"30e89c1\" data-element_type=\"widget\" data-e-type=\"widget\" data-widget_type=\"text-editor.default\">\n\t\t\t\t<div class=\"elementor-widget-container\">\n\t\t\t\t\t\t\t\t\t<p>Esta gu\u00eda pr\u00e1ctica muestra las herramientas y conocimientos necesarios para comprender con \u00e9xito este proceso de cambio hacia una gesti\u00f3n documental m\u00e1s inteligente, automatizada y basada en la nube.<\/p>\t\t\t\t\t\t\t\t<\/div>\n\t\t\t\t<\/div>\n\t\t\t\t<div class=\"elementor-element elementor-element-018f131 elementor-widget elementor-widget-heading\" data-id=\"018f131\" data-element_type=\"widget\" data-e-type=\"widget\" data-widget_type=\"heading.default\">\n\t\t\t\t<div class=\"elementor-widget-container\">\n\t\t\t\t\t<h2 class=\"elementor-heading-title elementor-size-default\">\u00a1Transforme su Gesti\u00f3n Documental hoy! <br>\nDescargue Nuestra Gu\u00eda <\/h2>\t\t\t\t<\/div>\n\t\t\t\t<\/div>\n\t\t\t\t<\/div>\n\t\t<div class=\"elementor-element elementor-element-2fa2b1f e-con-full e-flex wpr-particle-no wpr-jarallax-no wpr-parallax-no wpr-sticky-section-no wpr-column-slider-no wpr-equal-height-no e-con e-child\" data-id=\"2fa2b1f\" data-element_type=\"container\" data-e-type=\"container\" data-settings=\"{&quot;background_background&quot;:&quot;classic&quot;,&quot;_ha_eqh_enable&quot;:false}\">\n\t\t\t\t<div class=\"elementor-element elementor-element-1d817df elementor-widget elementor-widget-heading\" data-id=\"1d817df\" data-element_type=\"widget\" data-e-type=\"widget\" data-widget_type=\"heading.default\">\n\t\t\t\t<div class=\"elementor-widget-container\">\n\t\t\t\t\t<h2 class=\"elementor-heading-title elementor-size-default\">\u00a1Descargue la gu\u00eda gratis!<\/h2>\t\t\t\t<\/div>\n\t\t\t\t<\/div>\n\t\t\t\t<div class=\"elementor-element elementor-element-7c4a30b elementor-button-align-stretch ha-has-bg-overlay elementor-widget elementor-widget-form\" data-id=\"7c4a30b\" data-element_type=\"widget\" data-e-type=\"widget\" data-settings=\"{&quot;step_next_label&quot;:&quot;Next&quot;,&quot;step_previous_label&quot;:&quot;Previous&quot;,&quot;button_width&quot;:&quot;100&quot;,&quot;step_type&quot;:&quot;number_text&quot;,&quot;step_icon_shape&quot;:&quot;circle&quot;}\" data-widget_type=\"form.default\">\n\t\t\t\t<div class=\"elementor-widget-container\">\n\t\t\t\t\t\t\t<form class=\"elementor-form\" method=\"post\" name=\"Landing_Digital\" aria-label=\"Landing_Digital\" action=\"\">\n\t\t\t<input type=\"hidden\" name=\"post_id\" value=\"6694\"\/>\n\t\t\t<input type=\"hidden\" name=\"form_id\" value=\"7c4a30b\"\/>\n\t\t\t<input type=\"hidden\" name=\"referer_title\" value=\"\" \/>\n\n\t\t\t\n\t\t\t<div class=\"elementor-form-fields-wrapper elementor-labels-\">\n\t\t\t\t\t\t\t\t<div class=\"elementor-field-type-text elementor-field-group elementor-column elementor-field-group-name elementor-col-100 elementor-field-required\">\n\t\t\t\t\t\t\t\t\t\t\t\t<label for=\"form-field-name\" class=\"elementor-field-label elementor-screen-only\">\n\t\t\t\t\t\t\t\tCompany\t\t\t\t\t\t\t<\/label>\n\t\t\t\t\t\t\t\t\t\t\t\t\t\t<input size=\"1\" type=\"text\" name=\"form_fields[name]\" id=\"form-field-name\" class=\"elementor-field elementor-size-sm  elementor-field-textual\" placeholder=\"Empresa*\" required=\"required\">\n\t\t\t\t\t\t\t\t\t\t\t<\/div>\n\t\t\t\t\t\t\t\t<div class=\"elementor-field-type-text elementor-field-group elementor-column elementor-field-group-field_84b3dd4 elementor-col-100 elementor-field-required\">\n\t\t\t\t\t\t\t\t\t\t\t\t<label for=\"form-field-field_84b3dd4\" class=\"elementor-field-label elementor-screen-only\">\n\t\t\t\t\t\t\t\tName and Last Name\t\t\t\t\t\t\t<\/label>\n\t\t\t\t\t\t\t\t\t\t\t\t\t\t<input size=\"1\" type=\"text\" name=\"form_fields[field_84b3dd4]\" id=\"form-field-field_84b3dd4\" class=\"elementor-field elementor-size-sm  elementor-field-textual\" placeholder=\"Name and Last Name*\" required=\"required\">\n\t\t\t\t\t\t\t\t\t\t\t<\/div>\n\t\t\t\t\t\t\t\t<div class=\"elementor-field-type-email elementor-field-group elementor-column elementor-field-group-email elementor-col-100 elementor-field-required\">\n\t\t\t\t\t\t\t\t\t\t\t\t<label for=\"form-field-email\" class=\"elementor-field-label elementor-screen-only\">\n\t\t\t\t\t\t\t\tE-mail\t\t\t\t\t\t\t<\/label>\n\t\t\t\t\t\t\t\t\t\t\t\t\t\t<input size=\"1\" type=\"email\" name=\"form_fields[email]\" id=\"form-field-email\" class=\"elementor-field elementor-size-sm  elementor-field-textual\" placeholder=\"E-mail*\" required=\"required\">\n\t\t\t\t\t\t\t\t\t\t\t<\/div>\n\t\t\t\t\t\t\t\t<div class=\"elementor-field-type-tel elementor-field-group elementor-column elementor-field-group-field_6b18c91 elementor-col-100 elementor-field-required\">\n\t\t\t\t\t\t\t\t\t\t\t\t<label for=\"form-field-field_6b18c91\" class=\"elementor-field-label elementor-screen-only\">\n\t\t\t\t\t\t\t\tPhone number\t\t\t\t\t\t\t<\/label>\n\t\t\t\t\t\t\t\t<input size=\"1\" type=\"tel\" name=\"form_fields[field_6b18c91]\" id=\"form-field-field_6b18c91\" class=\"elementor-field elementor-size-sm  elementor-field-textual\" placeholder=\"Telephone\" required=\"required\" pattern=\"[0-9()#&amp;+*-=.]+\" title=\"Only numbers and phone characters (#, -, *, etc) are accepted.\">\n\n\t\t\t\t\t\t<\/div>\n\t\t\t\t\t\t\t\t<div class=\"elementor-field-type-acceptance elementor-field-group elementor-column elementor-field-group-field_32d7697 elementor-col-100 elementor-field-required\">\n\t\t\t\t\t\t\t\t\t\t\t\t<label for=\"form-field-field_32d7697\" class=\"elementor-field-label elementor-screen-only\">\n\t\t\t\t\t\t\t\tAcceptance of Privacy Policy\t\t\t\t\t\t\t<\/label>\n\t\t\t\t\t\t\t\t<div class=\"elementor-field-subgroup\">\n\t\t\t<span class=\"elementor-field-option\">\n\t\t\t\t<input type=\"checkbox\" name=\"form_fields[field_32d7697]\" id=\"form-field-field_32d7697\" class=\"elementor-field elementor-size-sm  elementor-acceptance-field\" required=\"required\" checked=\"checked\">\n\t\t\t\t<label for=\"form-field-field_32d7697\">I accept <a href=\"http:\/\/protechingenieria.com\/en\/politica-privacidad\/\">the privacy policy <\/a> and the processing of personal data.*<\/label>\t\t\t<\/span>\n\t\t<\/div>\n\t\t\t\t\t\t<\/div>\n\t\t\t\t\t\t\t\t<div class=\"elementor-field-group elementor-column elementor-field-type-submit elementor-col-100 e-form__buttons\">\n\t\t\t\t\t<button class=\"elementor-button elementor-size-sm\" type=\"submit\">\n\t\t\t\t\t\t<span class=\"elementor-button-content-wrapper\">\n\t\t\t\t\t\t\t\t\t\t\t\t\t\t\t\t\t\t\t\t\t\t<span class=\"elementor-button-text\">DESCARGAR <\/span>\n\t\t\t\t\t\t\t\t\t\t\t\t\t<\/span>\n\t\t\t\t\t<\/button>\n\t\t\t\t<\/div>\n\t\t\t<\/div>\n\t\t<input type=\"hidden\" name=\"trp-form-language\" value=\"en\"\/><\/form>\n\t\t\t\t\t\t<\/div>\n\t\t\t\t<\/div>\n\t\t\t\t<\/div>\n\t\t\t\t<\/div>\n\t\t<div class=\"elementor-element elementor-element-a5e5134 e-flex e-con-boxed wpr-particle-no wpr-jarallax-no wpr-parallax-no wpr-sticky-section-no wpr-column-slider-no wpr-equal-height-no e-con e-parent\" data-id=\"a5e5134\" data-element_type=\"container\" data-e-type=\"container\" data-settings=\"{&quot;_ha_eqh_enable&quot;:false}\">\n\t\t\t\t\t<div class=\"e-con-inner\">\n\t\t<div class=\"elementor-element elementor-element-8783362 e-con-full e-flex wpr-particle-no wpr-jarallax-no wpr-parallax-no wpr-sticky-section-no wpr-column-slider-no wpr-equal-height-no e-con e-child\" data-id=\"8783362\" data-element_type=\"container\" data-e-type=\"container\" data-settings=\"{&quot;_ha_eqh_enable&quot;:false}\">\n\t\t\t\t<div class=\"elementor-element elementor-element-ddbaf4a elementor-widget elementor-widget-text-editor\" data-id=\"ddbaf4a\" data-element_type=\"widget\" data-e-type=\"widget\" data-widget_type=\"text-editor.default\">\n\t\t\t\t<div class=\"elementor-widget-container\">\n\t\t\t\t\t\t\t\t\t<p>Este ebook brinda una gu\u00eda pr\u00e1ctica para que las organizaciones puedan emprender con \u00e9xito la transici\u00f3n de la gesti\u00f3n de documentos en papel hacia sistemas digitales, automatizados y basados en la nube.\u00a0<\/p>\t\t\t\t\t\t\t\t<\/div>\n\t\t\t\t<\/div>\n\t\t\t\t<div class=\"elementor-element elementor-element-a4a7118 elementor-widget elementor-widget-heading\" data-id=\"a4a7118\" data-element_type=\"widget\" data-e-type=\"widget\" data-widget_type=\"heading.default\">\n\t\t\t\t<div class=\"elementor-widget-container\">\n\t\t\t\t\t<h2 class=\"elementor-heading-title elementor-size-default\">\"Digitalice su Negocio con Confianza\"<\/h2>\t\t\t\t<\/div>\n\t\t\t\t<\/div>\n\t\t\t\t<div class=\"elementor-element elementor-element-14febb7 elementor-widget elementor-widget-text-editor\" data-id=\"14febb7\" data-element_type=\"widget\" data-e-type=\"widget\" data-widget_type=\"text-editor.default\">\n\t\t\t\t<div class=\"elementor-widget-container\">\n\t\t\t\t\t\t\t\t\t<p>\u00a0Descargue Nuestra Gu\u00eda Gratuita y obtenga los siguientes beneficios:<\/p>\t\t\t\t\t\t\t\t<\/div>\n\t\t\t\t<\/div>\n\t\t\t\t<div class=\"elementor-element elementor-element-61f94e8 elementor-widget elementor-widget-list_menu_item\" data-id=\"61f94e8\" data-element_type=\"widget\" data-e-type=\"widget\" data-widget_type=\"list_menu_item.default\">\n\t\t\t\t<div class=\"elementor-widget-container\">\n\t\t\t\t\t\t        <div class=\"list-menu-item-wrapper\">\r\n\t        \t<ul class=\"unstyle\">\r\n\t        \t\t\t        \t\t\t<li>\r\n\t        \t\t\t\t<svg aria-hidden=\"true\" class=\"e-font-icon-svg e-far-check-circle\" viewbox=\"0 0 512 512\" xmlns=\"http:\/\/www.w3.org\/2000\/svg\"><path d=\"M256 8C119.033 8 8 119.033 8 256s111.033 248 248 248 248-111.033 248-248S392.967 8 256 8zm0 48c110.532 0 200 89.451 200 200 0 110.532-89.451 200-200 200-110.532 0-200-89.451-200-200 0-110.532 89.451-200 200-200m140.204 130.267l-22.536-22.718c-4.667-4.705-12.265-4.736-16.97-.068L215.346 303.697l-59.792-60.277c-4.667-4.705-12.265-4.736-16.97-.069l-22.719 22.536c-4.705 4.667-4.736 12.265-.068 16.971l90.781 91.516c4.667 4.705 12.265 4.736 16.97.068l172.589-171.204c4.704-4.668 4.734-12.266.067-16.971z\"><\/path><\/svg>\t\t\t\t\t\t\t<span>Reducci\u00f3n de Costos y Optimizaci\u00f3n de Espacios<\/span>\r\n\t\t\t\t\t\t\t\t        \t\t\t<\/li>\r\n\t        \t\t\t        \t\t\t<li>\r\n\t        \t\t\t\t<svg aria-hidden=\"true\" class=\"e-font-icon-svg e-far-check-circle\" viewbox=\"0 0 512 512\" xmlns=\"http:\/\/www.w3.org\/2000\/svg\"><path d=\"M256 8C119.033 8 8 119.033 8 256s111.033 248 248 248 248-111.033 248-248S392.967 8 256 8zm0 48c110.532 0 200 89.451 200 200 0 110.532-89.451 200-200 200-110.532 0-200-89.451-200-200 0-110.532 89.451-200 200-200m140.204 130.267l-22.536-22.718c-4.667-4.705-12.265-4.736-16.97-.068L215.346 303.697l-59.792-60.277c-4.667-4.705-12.265-4.736-16.97-.069l-22.719 22.536c-4.705 4.667-4.736 12.265-.068 16.971l90.781 91.516c4.667 4.705 12.265 4.736 16.97.068l172.589-171.204c4.704-4.668 4.734-12.266.067-16.971z\"><\/path><\/svg>\t\t\t\t\t\t\t<span>Elimina gastos asociados al almacenamiento in-situ.<\/span>\r\n\t\t\t\t\t\t\t\t        \t\t\t<\/li>\r\n\t        \t\t\t        \t\t\t<li>\r\n\t        \t\t\t\t<svg aria-hidden=\"true\" class=\"e-font-icon-svg e-far-check-circle\" viewbox=\"0 0 512 512\" xmlns=\"http:\/\/www.w3.org\/2000\/svg\"><path d=\"M256 8C119.033 8 8 119.033 8 256s111.033 248 248 248 248-111.033 248-248S392.967 8 256 8zm0 48c110.532 0 200 89.451 200 200 0 110.532-89.451 200-200 200-110.532 0-200-89.451-200-200 0-110.532 89.451-200 200-200m140.204 130.267l-22.536-22.718c-4.667-4.705-12.265-4.736-16.97-.068L215.346 303.697l-59.792-60.277c-4.667-4.705-12.265-4.736-16.97-.069l-22.719 22.536c-4.705 4.667-4.736 12.265-.068 16.971l90.781 91.516c4.667 4.705 12.265 4.736 16.97.068l172.589-171.204c4.704-4.668 4.734-12.266.067-16.971z\"><\/path><\/svg>\t\t\t\t\t\t\t<span>Mejora de la Eficiencia y Accesibilidad<\/span>\r\n\t\t\t\t\t\t\t\t        \t\t\t<\/li>\r\n\t        \t\t\t        \t\t\t<li>\r\n\t        \t\t\t\t<svg aria-hidden=\"true\" class=\"e-font-icon-svg e-far-check-circle\" viewbox=\"0 0 512 512\" xmlns=\"http:\/\/www.w3.org\/2000\/svg\"><path d=\"M256 8C119.033 8 8 119.033 8 256s111.033 248 248 248 248-111.033 248-248S392.967 8 256 8zm0 48c110.532 0 200 89.451 200 200 0 110.532-89.451 200-200 200-110.532 0-200-89.451-200-200 0-110.532 89.451-200 200-200m140.204 130.267l-22.536-22.718c-4.667-4.705-12.265-4.736-16.97-.068L215.346 303.697l-59.792-60.277c-4.667-4.705-12.265-4.736-16.97-.069l-22.719 22.536c-4.705 4.667-4.736 12.265-.068 16.971l90.781 91.516c4.667 4.705 12.265 4.736 16.97.068l172.589-171.204c4.704-4.668 4.734-12.266.067-16.971z\"><\/path><\/svg>\t\t\t\t\t\t\t<span>Mayor Confiabilidad y Tranquilidad<\/span>\r\n\t\t\t\t\t\t\t\t        \t\t\t<\/li>\r\n\t        \t\t\t        \t\t\t<li>\r\n\t        \t\t\t\t<svg aria-hidden=\"true\" class=\"e-font-icon-svg e-far-check-circle\" viewbox=\"0 0 512 512\" xmlns=\"http:\/\/www.w3.org\/2000\/svg\"><path d=\"M256 8C119.033 8 8 119.033 8 256s111.033 248 248 248 248-111.033 248-248S392.967 8 256 8zm0 48c110.532 0 200 89.451 200 200 0 110.532-89.451 200-200 200-110.532 0-200-89.451-200-200 0-110.532 89.451-200 200-200m140.204 130.267l-22.536-22.718c-4.667-4.705-12.265-4.736-16.97-.068L215.346 303.697l-59.792-60.277c-4.667-4.705-12.265-4.736-16.97-.069l-22.719 22.536c-4.705 4.667-4.736 12.265-.068 16.971l90.781 91.516c4.667 4.705 12.265 4.736 16.97.068l172.589-171.204c4.704-4.668 4.734-12.266.067-16.971z\"><\/path><\/svg>\t\t\t\t\t\t\t<span>Obtenga mayor Escalabilidad y Adaptabilidad<\/span>\r\n\t\t\t\t\t\t\t\t        \t\t\t<\/li>\r\n\t        \t\t\t        \t<\/ul>\r\n\t        <\/div>\r\n\t    \t\t\t\t<\/div>\n\t\t\t\t<\/div>\n\t\t\t\t<\/div>\n\t\t<div class=\"elementor-element elementor-element-d371c7e e-con-full e-flex wpr-particle-no wpr-jarallax-no wpr-parallax-no wpr-sticky-section-no wpr-column-slider-no wpr-equal-height-no e-con e-child\" data-id=\"d371c7e\" data-element_type=\"container\" data-e-type=\"container\" data-settings=\"{&quot;_ha_eqh_enable&quot;:false}\">\n\t\t\t\t<div class=\"elementor-element elementor-element-ffec667 elementor-widget elementor-widget-image\" data-id=\"ffec667\" data-element_type=\"widget\" data-e-type=\"widget\" data-widget_type=\"image.default\">\n\t\t\t\t<div class=\"elementor-widget-container\">\n\t\t\t\t\t\t\t\t\t\t\t\t\t\t\t<img fetchpriority=\"high\" decoding=\"async\" width=\"600\" height=\"400\" src=\"https:\/\/protechingenieria.com\/wp-content\/uploads\/2024\/04\/Landinpage-Digital.jpg\" class=\"attachment-large size-large wp-image-7426\" alt=\"\" srcset=\"https:\/\/protechingenieria.com\/wp-content\/uploads\/2024\/04\/Landinpage-Digital.jpg 600w, https:\/\/protechingenieria.com\/wp-content\/uploads\/2024\/04\/Landinpage-Digital-300x200.jpg 300w\" sizes=\"(max-width: 600px) 100vw, 600px\" title=\"\">\t\t\t\t\t\t\t\t\t\t\t\t\t\t\t<\/div>\n\t\t\t\t<\/div>\n\t\t\t\t<\/div>\n\t\t\t\t\t<\/div>\n\t\t\t\t<\/div>\n\t\t<div class=\"elementor-element elementor-element-d5256f5 e-flex e-con-boxed wpr-particle-no wpr-jarallax-no wpr-parallax-no wpr-sticky-section-no wpr-column-slider-no wpr-equal-height-no e-con e-parent\" data-id=\"d5256f5\" data-element_type=\"container\" data-e-type=\"container\" data-settings=\"{&quot;_ha_eqh_enable&quot;:false}\">\n\t\t\t\t\t<div class=\"e-con-inner\">\n\t\t\t\t<div class=\"elementor-element elementor-element-ce74500 elementor-widget elementor-widget-spacer\" data-id=\"ce74500\" data-element_type=\"widget\" data-e-type=\"widget\" data-widget_type=\"spacer.default\">\n\t\t\t\t<div class=\"elementor-widget-container\">\n\t\t\t\t\t\t\t<div class=\"elementor-spacer\">\n\t\t\t<div class=\"elementor-spacer-inner\"><\/div>\n\t\t<\/div>\n\t\t\t\t\t\t<\/div>\n\t\t\t\t<\/div>\n\t\t\t\t\t<\/div>\n\t\t\t\t<\/div>\n\t\t\t\t<\/div>","protected":false},"excerpt":{"rendered":"<p>La transformaci\u00f3n digital de la gesti\u00f3n documental permite a las organizaciones modernizar sus procesos, mejorar la eficiencia y cumplir con los requisitos normativos. Esta gu\u00eda pr\u00e1ctica muestra las herramientas y conocimientos necesarios para comprender con \u00e9xito este proceso de cambio hacia una gesti\u00f3n documental m\u00e1s inteligente, automatizada y basada en la nube. \u00a1Transforme su Gesti\u00f3n Documental hoy! Descargue Nuestra Gu\u00eda \u00a1Descargue la gu\u00eda gratis! Este ebook brinda una gu\u00eda pr\u00e1ctica para que las organizaciones puedan emprender con \u00e9xito la transici\u00f3n de la gesti\u00f3n de documentos en papel hacia sistemas digitales, automatizados y basados en la nube.\u00a0 &#8220;Digitalice su Negocio con Confianza&#8221; \u00a0Descargue Nuestra Gu\u00eda Gratuita y obtenga los siguientes beneficios: Reducci\u00f3n de Costos y Optimizaci\u00f3n de Espacios Elimina gastos asociados al almacenamiento in-situ. Mejora de la Eficiencia y Accesibilidad Mayor Confiabilidad y Tranquilidad Obtenga mayor Escalabilidad y Adaptabilidad<\/p>","protected":false},"author":1,"featured_media":0,"parent":0,"menu_order":0,"comment_status":"closed","ping_status":"closed","template":"","meta":{"_monsterinsights_skip_tracking":false,"_monsterinsights_sitenote_active":false,"_monsterinsights_sitenote_note":"","_monsterinsights_sitenote_category":0,"footnotes":""},"class_list":["post-6694","page","type-page","status-publish","hentry"],"_links":{"self":[{"href":"https:\/\/protechingenieria.com\/en\/wp-json\/wp\/v2\/pages\/6694","targetHints":{"allow":["GET"]}}],"collection":[{"href":"https:\/\/protechingenieria.com\/en\/wp-json\/wp\/v2\/pages"}],"about":[{"href":"https:\/\/protechingenieria.com\/en\/wp-json\/wp\/v2\/types\/page"}],"author":[{"embeddable":true,"href":"https:\/\/protechingenieria.com\/en\/wp-json\/wp\/v2\/users\/1"}],"replies":[{"embeddable":true,"href":"https:\/\/protechingenieria.com\/en\/wp-json\/wp\/v2\/comments?post=6694"}],"version-history":[{"count":222,"href":"https:\/\/protechingenieria.com\/en\/wp-json\/wp\/v2\/pages\/6694\/revisions"}],"predecessor-version":[{"id":8178,"href":"https:\/\/protechingenieria.com\/en\/wp-json\/wp\/v2\/pages\/6694\/revisions\/8178"}],"wp:attachment":[{"href":"https:\/\/protechingenieria.com\/en\/wp-json\/wp\/v2\/media?parent=6694"}],"curies":[{"name":"wp","href":"https:\/\/api.w.org\/{rel}","templated":true}]}}