{"id":3,"date":"2024-04-02T14:20:09","date_gmt":"2024-04-02T14:20:09","guid":{"rendered":"http:\/\/protechingenieria.com\/?page_id=3"},"modified":"2025-09-10T16:32:59","modified_gmt":"2025-09-10T21:32:59","slug":"politica-privacidad","status":"publish","type":"page","link":"https:\/\/protechingenieria.com\/en\/politica-privacidad\/","title":{"rendered":"Pol\u00edtica de privacidad"},"content":{"rendered":"<div data-elementor-type=\"wp-page\" data-elementor-id=\"3\" class=\"elementor elementor-3\" data-elementor-settings=\"{&quot;ha_cmc_init_switcher&quot;:&quot;no&quot;}\" data-elementor-post-type=\"page\">\n\t\t\t\t<div class=\"elementor-element elementor-element-7ca05dcb e-flex e-con-boxed wpr-particle-no wpr-jarallax-no wpr-parallax-no wpr-sticky-section-no wpr-column-slider-no wpr-equal-height-no e-con e-parent\" data-id=\"7ca05dcb\" data-element_type=\"container\" data-e-type=\"container\" data-settings=\"{&quot;_ha_eqh_enable&quot;:false}\">\n\t\t\t\t\t<div class=\"e-con-inner\">\n\t\t\t\t<div class=\"elementor-element elementor-element-407ddb66 elementor-widget elementor-widget-text-editor\" data-id=\"407ddb66\" data-element_type=\"widget\" data-e-type=\"widget\" data-widget_type=\"text-editor.default\">\n\t\t\t\t<div class=\"elementor-widget-container\">\n\t\t\t\t\t\t\t\t\t<h3 class=\"privacy-policy-h1\">Pol\u00edtica de privacidad<br \/>actualizada por \u00faltima vez el 19 de abril de 2024<br \/>Fecha de entrada en vigor 19 de abril de 2024<\/h3>\n<p class=\"privacy-policy-p\">Esta Pol\u00edtica de Privacidad describe las pol\u00edticas de Protech Ingenier\u00eda SAS, Carrera 66 No. 107 24, Cundinamarca 110111, Colombia, correo electr\u00f3nico: develop@protechingenieria.com, tel\u00e9fono: 7568515 sobre la recopilaci\u00f3n, uso y divulgaci\u00f3n de su informaci\u00f3n que recopilamos cuando utiliza nuestro sitio web (http:\/\/protechingenieria.com). (el servicio&#8221;). Al acceder o utilizar el Servicio, usted acepta la recopilaci\u00f3n, el uso y la divulgaci\u00f3n de su informaci\u00f3n de acuerdo con esta Pol\u00edtica de Privacidad. Si no acepta lo mismo, no acceda ni utilice el Servicio.<\/p>\n<p class=\"privacy-policy-p\">Podemos modificar esta Pol\u00edtica de Privacidad en cualquier momento sin previo aviso y publicaremos la Pol\u00edtica de Privacidad revisada en el Servicio. La Pol\u00edtica revisada entrar\u00e1 en vigencia 180 d\u00edas a partir de la fecha en que se publique en el Servicio y su acceso o uso continuo del Servicio despu\u00e9s de ese tiempo constituir\u00e1 su aceptaci\u00f3n de la Pol\u00edtica de privacidad revisada. Por ello le recomendamos que revise peri\u00f3dicamente esta p\u00e1gina.<\/p>\n<ul class=\"privacy-policy-ol\">\n<li>\n<h3 class=\"privacy-policy-h2\">INFORMACI\u00d3N QUE RECOPILAMOS:<\/h3>\n<p class=\"privacy-policy-p\">Recopilaremos y procesaremos la siguiente informaci\u00f3n personal sobre usted:<\/p>\n<ol class=\"privacy-policy-ol\">\n<li>Nombre<\/li>\n<li>Correo electr\u00f3nico<\/li>\n<li>M\u00f3vil<\/li>\n<li>Fecha de nacimiento<\/li>\n<li>Direcci\u00f3n de Trabajo<\/li>\n<li>Company<\/li>\n<\/ol>\n<\/li>\n<\/ul>\n<div>\u00a0<\/div>\n<div>\u00a0<\/div>\n<ul class=\"privacy-policy-ol\">\n<li>\n<h3 class=\"privacy-policy-h2\">C\u00d3MO RECOPILAMOS SU INFORMACI\u00d3N:<\/h3>\n<p class=\"privacy-policy-p\">Recopilamos\/recibimos informaci\u00f3n sobre usted de la siguiente manera:<\/p>\n<ol class=\"privacy-policy-ol\">\n<li>Cuando un usuario completa el formulario de registro o env\u00eda informaci\u00f3n personal de otro modo<\/li>\n<li>Interact\u00faa con el sitio web.<\/li>\n<li>De fuentes p\u00fablicas+<\/li>\n<\/ol>\n<\/li>\n<\/ul>\n<p>\u00a0<\/p>\n<ul class=\"privacy-policy-ol\">\n<li>\n<h3 class=\"privacy-policy-h2\">C\u00d3MO UTILIZAMOS SU INFORMACI\u00d3N:<\/h3>\n<p class=\"privacy-policy-p\">Utilizaremos la informaci\u00f3n que recopilamos sobre usted para los siguientes fines:<\/p>\n<ol class=\"privacy-policy-ol\">\n<li>Marketing\/Promoci\u00f3n<\/li>\n<li>Testimonios<\/li>\n<li>Recopilaci\u00f3n de comentarios de clientes<\/li>\n<li>Publicidad dirigida<\/li>\n<li>Protecci\u00f3n del sitio<\/li>\n<li>Comentarios de usuario a usuario<\/li>\n<\/ol>\n<p class=\"privacy-policy-p\">\u00a0<\/p>\n<\/li>\n<\/ul>\n<p class=\"privacy-policy-p\">Si queremos utilizar su informaci\u00f3n para cualquier otro prop\u00f3sito, le pediremos su consentimiento y usaremos su informaci\u00f3n solo al recibir su consentimiento y luego, solo para los fines para los cuales otorgamos el consentimiento, a menos que estemos obligados a hacer lo contrario por ley.<\/p>\n<p>\u00a0<\/p>\n<ul class=\"privacy-policy-ol\">\n<li>\n<h3 class=\"privacy-policy-h2\">C\u00d3MO COMPARTIMOS SU INFORMACI\u00d3N:<\/h3>\n<p class=\"privacy-policy-p\">No transferiremos su informaci\u00f3n personal a ning\u00fan tercero sin solicitar su consentimiento, excepto en circunstancias limitadas como se describe a continuaci\u00f3n:<\/p>\n<ol class=\"privacy-policy-ol\">\n<li>Servicio de publicidad<\/li>\n<li>Anal\u00edtica<\/li>\n<\/ol>\n<p class=\"privacy-policy-p\">\u00a0<\/p>\n<\/li>\n<\/ul>\n<p class=\"privacy-policy-p\">Exigimos a dichos terceros que utilicen la informaci\u00f3n personal que les transferimos solo para el prop\u00f3sito para el cual fue transferida y que no la conserven por m\u00e1s tiempo del necesario para cumplir dicho prop\u00f3sito.<\/p>\n<p class=\"privacy-policy-p\">Tambi\u00e9n podemos divulgar su informaci\u00f3n personal para lo siguiente: (1) para cumplir con la ley, regulaci\u00f3n, orden judicial u otro proceso legal aplicable; (2) para hacer cumplir sus acuerdos con nosotros, incluida esta Pol\u00edtica de Privacidad; o (3) para responder a reclamos de que su uso del Servicio viola los derechos de terceros. Si el Servicio o nuestra empresa se fusiona o adquiere con otra empresa, su informaci\u00f3n ser\u00e1 uno de los activos que se transfiera al nuevo propietario.<\/p>\n<p>\u00a0<\/p>\n<ul class=\"privacy-policy-ol\">\n<li>\n<h3 class=\"privacy-policy-h2\">RETENCI\u00d3N DE SU INFORMACI\u00d3N:<\/h3>\n<p class=\"privacy-policy-p\">Conservaremos su informaci\u00f3n personal con nosotros durante 90 d\u00edas a 2 a\u00f1os despu\u00e9s de que los usuarios cancelen sus cuentas o durante el tiempo que la necesitemos para cumplir con los prop\u00f3sitos para los cuales fue recopilada, como se detalla en esta Pol\u00edtica de Privacidad. Es posible que necesitemos conservar cierta informaci\u00f3n durante per\u00edodos m\u00e1s largos, como mantenimiento de registros\/informes de acuerdo con la ley aplicable o por otras razones leg\u00edtimas como el cumplimiento de derechos legales, prevenci\u00f3n de fraude, etc. Informaci\u00f3n an\u00f3nima residual e informaci\u00f3n agregada, ninguna de las cuales lo identifica. (directa o indirectamente), pueden almacenarse indefinidamente.<\/p>\n<\/li>\n<li>\n<h3 class=\"privacy-policy-h2\">TUS DERECHOS:<\/h3>\n<p class=\"privacy-policy-p\">Dependiendo de la ley que se aplique, puede tener derecho a acceder y rectificar o borrar sus datos personales o recibir una copia de sus datos personales, restringir u oponerse al procesamiento activo de sus datos, solicitarnos que compartamos (portemos) sus datos personales. informaci\u00f3n a otra entidad, retirar cualquier consentimiento que nos haya brindado para procesar sus datos, el derecho a presentar una queja ante una autoridad legal y otros derechos que puedan ser relevantes seg\u00fan las leyes aplicables. Para ejercer estos derechos, puede escribirnos a development@protechingenieria.com. Responderemos a su solicitud de acuerdo con la ley aplicable.<\/p>\n<p class=\"privacy-policy-p\">Puede optar por no recibir comunicaciones de marketing directo o la elaboraci\u00f3n de perfiles que realizamos con fines de marketing escribi\u00e9ndonos a development@protechingenieria.com.<\/p>\n<p class=\"privacy-policy-p\">Tenga en cuenta que si no nos permite recopilar o procesar la informaci\u00f3n personal requerida o retirar el consentimiento para procesarla para los fines requeridos, es posible que no pueda acceder ni utilizar los servicios para los cuales se busc\u00f3 su informaci\u00f3n.<\/p>\n<\/li>\n<li>\n<h3 class=\"privacy-policy-h2\">COOKIES, ETC.<\/h3>\n<p class=\"privacy-policy-p\">Para obtener m\u00e1s informaci\u00f3n sobre c\u00f3mo las utilizamos y sus opciones en relaci\u00f3n con estas tecnolog\u00edas de seguimiento, consulte nuestra\u00a0<a href=\"http:\/\/protechingenieria.com\/en\/\">Pol\u00edtica de cookies.<\/a><\/p>\n<\/li>\n<li>\n<h3 class=\"privacy-policy-h2\">SEGURIDAD:<\/h3>\n<p class=\"privacy-policy-p\">La seguridad de su informaci\u00f3n es importante para nosotros y utilizaremos medidas de seguridad razonables para evitar la p\u00e9rdida, el uso indebido o la alteraci\u00f3n no autorizada de su informaci\u00f3n bajo nuestro control. Sin embargo, dados los riesgos inherentes, no podemos garantizar una seguridad absoluta y, en consecuencia, no podemos asegurar ni garantizar la seguridad de la informaci\u00f3n que usted nos transmite y lo hace bajo su propio riesgo.<\/p>\n<\/li>\n<li>\n<h3 class=\"privacy-policy-h2\">ENLACES DE TERCEROS Y USO DE SU INFORMACI\u00d3N:<\/h3>\n<p class=\"privacy-policy-p\">Nuestro Servicio puede contener enlaces a otros sitios web que no son operados por nosotros. Esta Pol\u00edtica de Privacidad no aborda la pol\u00edtica de privacidad ni otras pr\u00e1cticas de terceros, incluido cualquier tercero que opere cualquier sitio web o servicio al que se pueda acceder a trav\u00e9s de un enlace en el Servicio. Le recomendamos encarecidamente que revise la pol\u00edtica de privacidad de cada sitio que visite. No tenemos control ni asumimos ninguna responsabilidad por el contenido, las pol\u00edticas de privacidad o las pr\u00e1cticas de sitios o servicios de terceros.<\/p>\n<\/li>\n<li>\n<h3 class=\"privacy-policy-h2\">DELEGADO DE QUEJAS\/PROTECCI\u00d3N DE DATOS:<\/h3>\n<p class=\"privacy-policy-p\">Si tiene alguna consulta o inquietud sobre el procesamiento de su informaci\u00f3n que est\u00e1 disponible con nosotros, puede enviar un correo electr\u00f3nico a nuestro Oficial de Quejas en Protech Ingenier\u00eda SAS, Carrera 66 No. 107 24, correo electr\u00f3nico: develop@protechingenieria.com y gcomercial@protechingenieria.com. Atenderemos sus inquietudes de acuerdo con la ley jur\u00eddica.<\/p>\n<\/li>\n<\/ul>\n<p><!-- \/wp:paragraph --><\/p>\t\t\t\t\t\t\t\t<\/div>\n\t\t\t\t<\/div>\n\t\t\t\t\t<\/div>\n\t\t\t\t<\/div>\n\t\t<div class=\"elementor-element elementor-element-7c67595 e-flex e-con-boxed wpr-particle-no wpr-jarallax-no wpr-parallax-no wpr-sticky-section-no wpr-column-slider-no wpr-equal-height-no e-con e-parent\" data-id=\"7c67595\" data-element_type=\"container\" data-e-type=\"container\" data-settings=\"{&quot;_ha_eqh_enable&quot;:false}\">\n\t\t\t\t\t<div class=\"e-con-inner\">\n\t\t\t\t<div class=\"elementor-element elementor-element-6cb34b0 elementor-widget elementor-widget-spacer\" data-id=\"6cb34b0\" data-element_type=\"widget\" data-e-type=\"widget\" data-widget_type=\"spacer.default\">\n\t\t\t\t<div class=\"elementor-widget-container\">\n\t\t\t\t\t\t\t<div class=\"elementor-spacer\">\n\t\t\t<div class=\"elementor-spacer-inner\"><\/div>\n\t\t<\/div>\n\t\t\t\t\t\t<\/div>\n\t\t\t\t<\/div>\n\t\t\t\t\t<\/div>\n\t\t\t\t<\/div>\n\t\t\t\t<\/div>","protected":false},"excerpt":{"rendered":"<p>Pol\u00edtica de privacidadactualizada por \u00faltima vez el 19 de abril de 2024Fecha de entrada en vigor 19 de abril de 2024 Esta Pol\u00edtica de Privacidad describe las pol\u00edticas de Protech Ingenier\u00eda SAS, Carrera 66 No. 107 24, Cundinamarca 110111, Colombia, correo electr\u00f3nico: develop@protechingenieria.com, tel\u00e9fono: 7568515 sobre la recopilaci\u00f3n, uso y divulgaci\u00f3n de su informaci\u00f3n que recopilamos cuando utiliza nuestro sitio web (http:\/\/protechingenieria.com). (el servicio&#8221;). Al acceder o utilizar el Servicio, usted acepta la recopilaci\u00f3n, el uso y la divulgaci\u00f3n de su informaci\u00f3n de acuerdo con esta Pol\u00edtica de Privacidad. Si no acepta lo mismo, no acceda ni utilice el Servicio. Podemos modificar esta Pol\u00edtica de Privacidad en cualquier momento sin previo aviso y publicaremos la Pol\u00edtica de Privacidad revisada en el Servicio. La Pol\u00edtica revisada entrar\u00e1 en vigencia 180 d\u00edas a partir de la fecha en que se publique en el Servicio y su acceso o uso continuo del Servicio despu\u00e9s de ese tiempo constituir\u00e1 su aceptaci\u00f3n de la Pol\u00edtica de privacidad revisada. Por ello le recomendamos que revise peri\u00f3dicamente esta p\u00e1gina. INFORMACI\u00d3N QUE RECOPILAMOS: Recopilaremos y procesaremos la siguiente informaci\u00f3n personal sobre usted: Nombre Correo electr\u00f3nico M\u00f3vil Fecha de nacimiento Direcci\u00f3n de Trabajo Empresa \u00a0 \u00a0 C\u00d3MO RECOPILAMOS SU INFORMACI\u00d3N: Recopilamos\/recibimos informaci\u00f3n sobre usted de la siguiente manera: Cuando un usuario completa el formulario de registro o env\u00eda informaci\u00f3n personal de otro modo Interact\u00faa con el sitio web. De fuentes p\u00fablicas+ \u00a0 C\u00d3MO UTILIZAMOS SU INFORMACI\u00d3N: Utilizaremos la informaci\u00f3n que recopilamos sobre usted para los siguientes fines: Marketing\/Promoci\u00f3n Testimonios Recopilaci\u00f3n de comentarios de clientes Publicidad dirigida Protecci\u00f3n del sitio Comentarios de usuario a usuario \u00a0 Si queremos utilizar su informaci\u00f3n para cualquier otro prop\u00f3sito, le pediremos su consentimiento y usaremos su informaci\u00f3n solo al recibir su consentimiento y luego, solo para los fines para los cuales otorgamos el consentimiento, a menos que estemos obligados a hacer lo contrario por ley. \u00a0 C\u00d3MO COMPARTIMOS SU INFORMACI\u00d3N: No transferiremos su informaci\u00f3n personal a ning\u00fan tercero sin solicitar su consentimiento, excepto en circunstancias limitadas como se describe a continuaci\u00f3n: Servicio de publicidad Anal\u00edtica \u00a0 Exigimos a dichos terceros que utilicen la informaci\u00f3n personal que les transferimos solo para el prop\u00f3sito para el cual fue transferida y que no la conserven por m\u00e1s tiempo del necesario para cumplir dicho prop\u00f3sito. Tambi\u00e9n podemos divulgar su informaci\u00f3n personal para lo siguiente: (1) para cumplir con la ley, regulaci\u00f3n, orden judicial u otro proceso legal aplicable; (2) para hacer cumplir sus acuerdos con nosotros, incluida esta Pol\u00edtica de Privacidad; o (3) para responder a reclamos de que su uso del Servicio viola los derechos de terceros. Si el Servicio o nuestra empresa se fusiona o adquiere con otra empresa, su informaci\u00f3n ser\u00e1 uno de los activos que se transfiera al nuevo propietario. \u00a0 RETENCI\u00d3N DE SU INFORMACI\u00d3N: Conservaremos su informaci\u00f3n personal con nosotros durante 90 d\u00edas a 2 a\u00f1os despu\u00e9s de que los usuarios cancelen sus cuentas o durante el tiempo que la necesitemos para cumplir con los prop\u00f3sitos para los cuales fue recopilada, como se detalla en esta Pol\u00edtica de Privacidad. Es posible que necesitemos conservar cierta informaci\u00f3n durante per\u00edodos m\u00e1s largos, como mantenimiento de registros\/informes de acuerdo con la ley aplicable o por otras razones leg\u00edtimas como el cumplimiento de derechos legales, prevenci\u00f3n de fraude, etc. Informaci\u00f3n an\u00f3nima residual e informaci\u00f3n agregada, ninguna de las cuales lo identifica. (directa o indirectamente), pueden almacenarse indefinidamente. TUS DERECHOS: Dependiendo de la ley que se aplique, puede tener derecho a acceder y rectificar o borrar sus datos personales o recibir una copia de sus datos personales, restringir u oponerse al procesamiento activo de sus datos, solicitarnos que compartamos (portemos) sus datos personales. informaci\u00f3n a otra entidad, retirar cualquier consentimiento que nos haya brindado para procesar sus datos, el derecho a presentar una queja ante una autoridad legal y otros derechos que puedan ser relevantes seg\u00fan las leyes aplicables. Para ejercer estos derechos, puede escribirnos a development@protechingenieria.com. Responderemos a su solicitud de acuerdo con la ley aplicable. Puede optar por no recibir comunicaciones de marketing directo o la elaboraci\u00f3n de perfiles que realizamos con fines de marketing escribi\u00e9ndonos a development@protechingenieria.com. Tenga en cuenta que si no nos permite recopilar o procesar la informaci\u00f3n personal requerida o retirar el consentimiento para procesarla para los fines requeridos, es posible que no pueda acceder ni utilizar los servicios para los cuales se busc\u00f3 su informaci\u00f3n. COOKIES, ETC. Para obtener m\u00e1s informaci\u00f3n sobre c\u00f3mo las utilizamos y sus opciones en relaci\u00f3n con estas tecnolog\u00edas de seguimiento, consulte nuestra\u00a0Pol\u00edtica de cookies. SEGURIDAD: La seguridad de su informaci\u00f3n es importante para nosotros y utilizaremos medidas de seguridad razonables para evitar la p\u00e9rdida, el uso indebido o la alteraci\u00f3n no autorizada de su informaci\u00f3n bajo nuestro control. Sin embargo, dados los riesgos inherentes, no podemos garantizar una seguridad absoluta y, en consecuencia, no podemos asegurar ni garantizar la seguridad de la informaci\u00f3n que usted nos transmite y lo hace bajo su propio riesgo. ENLACES DE TERCEROS Y USO DE SU INFORMACI\u00d3N: Nuestro Servicio puede contener enlaces a otros sitios web que no son operados por nosotros. Esta Pol\u00edtica de Privacidad no aborda la pol\u00edtica de privacidad ni otras pr\u00e1cticas de terceros, incluido cualquier tercero que opere cualquier sitio web o servicio al que se pueda acceder a trav\u00e9s de un enlace en el Servicio. Le recomendamos encarecidamente que revise la pol\u00edtica de privacidad de cada sitio que visite. No tenemos control ni asumimos ninguna responsabilidad por el contenido, las pol\u00edticas de privacidad o las pr\u00e1cticas de sitios o servicios de terceros. DELEGADO DE QUEJAS\/PROTECCI\u00d3N DE DATOS: Si tiene alguna consulta o inquietud sobre el procesamiento de su informaci\u00f3n que est\u00e1 disponible con nosotros, puede enviar un correo electr\u00f3nico a nuestro Oficial de Quejas en Protech Ingenier\u00eda SAS, Carrera 66 No. 107 24, correo electr\u00f3nico: develop@protechingenieria.com y gcomercial@protechingenieria.com. Atenderemos sus inquietudes de acuerdo con la ley jur\u00eddica.<\/p>","protected":false},"author":1,"featured_media":0,"parent":0,"menu_order":0,"comment_status":"closed","ping_status":"closed","template":"","meta":{"_monsterinsights_skip_tracking":false,"_monsterinsights_sitenote_active":false,"_monsterinsights_sitenote_note":"","_monsterinsights_sitenote_category":0,"footnotes":""},"class_list":["post-3","page","type-page","status-publish","hentry"],"_links":{"self":[{"href":"https:\/\/protechingenieria.com\/en\/wp-json\/wp\/v2\/pages\/3","targetHints":{"allow":["GET"]}}],"collection":[{"href":"https:\/\/protechingenieria.com\/en\/wp-json\/wp\/v2\/pages"}],"about":[{"href":"https:\/\/protechingenieria.com\/en\/wp-json\/wp\/v2\/types\/page"}],"author":[{"embeddable":true,"href":"https:\/\/protechingenieria.com\/en\/wp-json\/wp\/v2\/users\/1"}],"replies":[{"embeddable":true,"href":"https:\/\/protechingenieria.com\/en\/wp-json\/wp\/v2\/comments?post=3"}],"version-history":[{"count":25,"href":"https:\/\/protechingenieria.com\/en\/wp-json\/wp\/v2\/pages\/3\/revisions"}],"predecessor-version":[{"id":12285,"href":"https:\/\/protechingenieria.com\/en\/wp-json\/wp\/v2\/pages\/3\/revisions\/12285"}],"wp:attachment":[{"href":"https:\/\/protechingenieria.com\/en\/wp-json\/wp\/v2\/media?parent=3"}],"curies":[{"name":"wp","href":"https:\/\/api.w.org\/{rel}","templated":true}]}}